{"id":42,"date":"2022-03-20T23:43:58","date_gmt":"2022-03-20T23:43:58","guid":{"rendered":"https:\/\/enfus-ssl.com\/web\/?page_id=42"},"modified":"2022-04-07T21:54:09","modified_gmt":"2022-04-07T21:54:09","slug":"servicios","status":"publish","type":"page","link":"https:\/\/enfus-ssl.com\/?page_id=42","title":{"rendered":"Servicios"},"content":{"rendered":"\t\t<div data-elementor-type=\"wp-page\" data-elementor-id=\"42\" class=\"elementor elementor-42\">\n\t\t\t\t\t\t<div class=\"elementor-section elementor-top-section elementor-element elementor-element-1657f62 mt-10 pt-7 pt-lg-10 mb-10 pb-8 pb-lg-10 elementor-section-boxed elementor-section-height-default elementor-section-height-default\" data-id=\"1657f62\" data-element_type=\"section\" data-e-type=\"section\">\n\t\t\t\t\t\t<div class=\"elementor-container elementor-column-gap-default\">\n\t\t\t\t\t<div class=\"elementor-column elementor-col-100 elementor-top-column elementor-element elementor-element-152c262\" data-id=\"152c262\" data-element_type=\"column\" data-e-type=\"column\">\n\t\t\t<div class=\"elementor-widget-wrap elementor-element-populated\">\n\t\t\t\t\t\t<div class=\"elementor-element elementor-element-df5cdee elementor-invisible elementor-widget elementor-widget-heading\" data-id=\"df5cdee\" data-element_type=\"widget\" data-e-type=\"widget\" data-settings=\"{&quot;_animation&quot;:&quot;fadeIn&quot;,&quot;_animation_delay&quot;:400}\" data-widget_type=\"heading.default\">\n\t\t\t\t<div class=\"elementor-widget-container\">\n\t\t\t\t\t<h2 class=\"elementor-heading-title elementor-size-default\">Nuestros Servicios<\/h2>\t\t\t\t<\/div>\n\t\t\t\t<\/div>\n\t\t\t\t<div class=\"elementor-element elementor-element-537e6c6 ml-auto mr-auto elementor-widget__width-initial elementor-invisible elementor-widget elementor-widget-heading\" data-id=\"537e6c6\" data-element_type=\"widget\" data-e-type=\"widget\" data-settings=\"{&quot;_animation&quot;:&quot;fadeIn&quot;,&quot;_animation_delay&quot;:600}\" data-widget_type=\"heading.default\">\n\t\t\t\t<div class=\"elementor-widget-container\">\n\t\t\t\t\t<p class=\"elementor-heading-title elementor-size-default\">Operando 26 a\u00f1os en el servicio de fumigaci\u00f3n y control de vectores contaminantes.<\/p>\t\t\t\t<\/div>\n\t\t\t\t<\/div>\n\t\t\t\t<div class=\"elementor-section elementor-inner-section elementor-element elementor-element-9e89342 custom-service-section elementor-section-boxed elementor-section-height-default elementor-section-height-default elementor-invisible\" data-id=\"9e89342\" data-element_type=\"section\" data-e-type=\"section\" data-settings=\"{&quot;animation&quot;:&quot;slideInDown&quot;,&quot;animation_delay&quot;:800}\">\n\t\t\t\t\t\t<div class=\"elementor-container elementor-column-gap-default\">\n\t\t\t\t\t<div class=\"elementor-column elementor-col-100 elementor-inner-column elementor-element elementor-element-8517a49\" data-id=\"8517a49\" data-element_type=\"column\" data-e-type=\"column\">\n\t\t\t<div class=\"elementor-widget-wrap\">\n\t\t\t\t\t\t\t<\/div>\n\t\t<\/div>\n\t\t\t\t\t<\/div>\n\t\t<\/div>\n\t\t\t\t<div class=\"elementor-element elementor-element-9b0e3b2 elementor-widget elementor-widget-text-editor\" data-id=\"9b0e3b2\" data-element_type=\"widget\" data-e-type=\"widget\" data-widget_type=\"text-editor.default\">\n\t\t\t\t<div class=\"elementor-widget-container\">\n\t\t\t\t\t\t\t\t\t<h2>\u00a0<\/h2><h2 style=\"text-align: center;\"><span style=\"color: #ffffff;\">SEGUIMIENTO<\/span><\/h2><h4 style=\"text-align: center;\"><span style=\"color: #ffffff;\">A trav\u00e9s de entrevistas, registros y visitas, con el fin de evaluar el tratamiento sanitario con criterios t\u00e9cnicos.<\/span><\/h4><p>\u00a0<\/p><p>\u00a0<\/p>\t\t\t\t\t\t\t\t<\/div>\n\t\t\t\t<\/div>\n\t\t\t\t\t<\/div>\n\t\t<\/div>\n\t\t\t\t\t<\/div>\n\t\t<\/div>\n\t\t\t\t<\/div>\n\t\t","protected":false},"excerpt":{"rendered":"<p>dESTACAMOS Nuestros Servicios Operando 26 a\u00f1os en el servicio de fumigaci\u00f3n y control de vectores contaminantes. Desinfecci\u00f3n Control de microorganismos pat\u00f3genos Desinfestaci\u00f3n Control de insectos voladores y rastreros Desratizaci\u00f3n Eliminaci\u00f3n de roedores Asesoramiento T\u00e9cnicoymantenimiento \u00a0 SEGUIMIENTO A trav\u00e9s de entrevistas, registros y visitas, con el fin de evaluar el tratamiento sanitario con criterios t\u00e9cnicos. \u00a0 [&hellip;]<\/p>\n","protected":false},"author":1,"featured_media":0,"parent":0,"menu_order":0,"comment_status":"closed","ping_status":"closed","template":"","meta":{"footnotes":""},"class_list":["post-42","page","type-page","status-publish","hentry"],"_links":{"self":[{"href":"https:\/\/enfus-ssl.com\/index.php?rest_route=\/wp\/v2\/pages\/42","targetHints":{"allow":["GET"]}}],"collection":[{"href":"https:\/\/enfus-ssl.com\/index.php?rest_route=\/wp\/v2\/pages"}],"about":[{"href":"https:\/\/enfus-ssl.com\/index.php?rest_route=\/wp\/v2\/types\/page"}],"author":[{"embeddable":true,"href":"https:\/\/enfus-ssl.com\/index.php?rest_route=\/wp\/v2\/users\/1"}],"replies":[{"embeddable":true,"href":"https:\/\/enfus-ssl.com\/index.php?rest_route=%2Fwp%2Fv2%2Fcomments&post=42"}],"version-history":[{"count":13,"href":"https:\/\/enfus-ssl.com\/index.php?rest_route=\/wp\/v2\/pages\/42\/revisions"}],"predecessor-version":[{"id":3313,"href":"https:\/\/enfus-ssl.com\/index.php?rest_route=\/wp\/v2\/pages\/42\/revisions\/3313"}],"wp:attachment":[{"href":"https:\/\/enfus-ssl.com\/index.php?rest_route=%2Fwp%2Fv2%2Fmedia&parent=42"}],"curies":[{"name":"wp","href":"https:\/\/api.w.org\/{rel}","templated":true}]}}